{"id":176,"date":"2016-05-10T03:48:21","date_gmt":"2016-05-10T03:48:21","guid":{"rendered":"https:\/\/www.success-business.net\/sample-page\/"},"modified":"2021-11-09T13:37:08","modified_gmt":"2021-11-09T13:37:08","slug":"sample-page","status":"publish","type":"page","link":"https:\/\/www.success-business.net\/fr\/","title":{"rendered":"Accueil"},"content":{"rendered":"<div id=\"pl-176\"  class=\"panel-layout\" ><div id=\"pg-176-0\"  class=\"panel-grid panel-has-style\" ><div class=\"banner siteorigin-panels-stretch panel-row-style panel-row-style-for-176-0\" data-stretch-type=\"full\" ><div id=\"pgc-176-0-0\"  class=\"panel-grid-cell\" ><div id=\"panel-176-0-0-0\" class=\"so-panel widget widget_sow-headline panel-first-child\" data-index=\"0\" ><div\n\t\t\t\n\t\t\tclass=\"so-widget-sow-headline so-widget-sow-headline-default-0331f196f40d-176\"\n\t\t\t\n\t\t><div class=\"sow-headline-container \">\n\t\t\t\t\t\t\t<h1 class=\"sow-headline\">\n\t\t\t\t\t\tLes piliers de la r\u00e9ussite de l'entreprise\t\t\t\t\t\t<\/h1>\n\t\t\t\t\t\t<\/div>\n<\/div><\/div><div id=\"panel-176-0-0-1\" class=\"so-panel widget widget_text panel-last-child\" data-index=\"1\" >\t\t\t<div class=\"textwidget\"><p>Pour bien d\u00e9marrer son business, il faut prendre en consid\u00e9ration plusieurs points. En effet, il faut s&rsquo;informer sur les tendances entrepreneuriales adapt\u00e9es et efficaces avant de lancer son entreprise. N&rsquo;h\u00e9sitez pas \u00e0 faire appel \u00e0 un professionnel.<\/p>\n<\/div>\n\t\t<\/div><\/div><div id=\"pgc-176-0-1\"  class=\"panel-grid-cell\" ><div id=\"panel-176-0-1-0\" class=\"so-panel widget widget_sow-image panel-first-child panel-last-child\" data-index=\"2\" ><div\n\t\t\t\n\t\t\tclass=\"so-widget-sow-image so-widget-sow-image-default-e4c2d9f6c920-176\"\n\t\t\t\n\t\t>\n<div class=\"sow-image-container\">\n\t\t<img \n\tsrc=\"https:\/\/www.success-business.net\/wp-content\/uploads\/2021\/11\/Les-piliers-de-la-reussite-de-lentreprise.webp\" width=\"461\" height=\"616\" srcset=\"https:\/\/www.success-business.net\/wp-content\/uploads\/2021\/11\/Les-piliers-de-la-reussite-de-lentreprise.webp 461w, https:\/\/www.success-business.net\/wp-content\/uploads\/2021\/11\/Les-piliers-de-la-reussite-de-lentreprise-225x300.webp 225w\" sizes=\"(max-width: 461px) 100vw, 461px\" title=\"Les piliers de la r\u00e9ussite de l&rsquo;entreprise\" alt=\"Les piliers de la r\u00e9ussite de l&#039;entreprise\" \t\tclass=\"so-widget-image\"\/>\n\t<\/div>\n\n<\/div><\/div><\/div><\/div><\/div><div id=\"pg-176-1\"  class=\"panel-grid panel-has-style\" ><div class=\"siteorigin-panels-stretch panel-row-style panel-row-style-for-176-1\" data-stretch-type=\"full\" ><div id=\"pgc-176-1-0\"  class=\"panel-grid-cell\" ><div id=\"panel-176-1-0-0\" class=\"so-panel widget widget_sow-image panel-first-child panel-last-child\" data-index=\"3\" ><div\n\t\t\t\n\t\t\tclass=\"so-widget-sow-image so-widget-sow-image-default-8b5b6f678277-176\"\n\t\t\t\n\t\t>\n<div class=\"sow-image-container\">\n\t\t<img \n\tsrc=\"https:\/\/www.success-business.net\/wp-content\/uploads\/2021\/11\/ANGLAIS-DAFFAIRES.png\" width=\"470\" height=\"545\" srcset=\"https:\/\/www.success-business.net\/wp-content\/uploads\/2021\/11\/ANGLAIS-DAFFAIRES.png 470w, https:\/\/www.success-business.net\/wp-content\/uploads\/2021\/11\/ANGLAIS-DAFFAIRES-259x300.png 259w\" sizes=\"(max-width: 470px) 100vw, 470px\" title=\"ANGLAIS D&rsquo;AFFAIRES\" alt=\"ANGLAIS D&#039;AFFAIRES\" \t\tclass=\"so-widget-image\"\/>\n\t<\/div>\n\n<\/div><\/div><\/div><div id=\"pgc-176-1-1\"  class=\"panel-grid-cell\" ><div id=\"panel-176-1-1-0\" class=\"so-panel widget widget_sow-headline panel-first-child\" data-index=\"4\" ><div class=\"title-subtitle panel-widget-style panel-widget-style-for-176-1-1-0\" ><div\n\t\t\t\n\t\t\tclass=\"so-widget-sow-headline so-widget-sow-headline-default-e75efe3ce398-176\"\n\t\t\t\n\t\t><div class=\"sow-headline-container \">\n\t\t\t\t\t\t\t<p class=\"sow-sub-headline\">\n\t\t\t\t\t\t<span class=\"subtitle\">Anglais d'affaires<\/span>\t\t\t\t\t\t<\/p>\n\t\t\t\t\t\t\t\t\t\t\t\t<h2 class=\"sow-headline\">\n\t\t\t\t\t\tQuelles sont les comp\u00e9tences \u00e0 poss\u00e9der pour travailler \u00e0 l'\u00e9tranger ?\t\t\t\t\t\t<\/h2>\n\t\t\t\t\t\t<\/div>\n<\/div><\/div><\/div><div id=\"panel-176-1-1-1\" class=\"so-panel widget widget_text panel-last-child\" data-index=\"5\" >\t\t\t<div class=\"textwidget\"><p>Si vous souhaitez entamer un d\u00e9veloppement de l\u2019entreprise \u00e0 l&rsquo;\u00e9chelle internationale, vous devez disposer de certaines comp\u00e9tences.<\/p>\n<p>Une bonne connaissance en langue anglaise est primordiale pour garantir les \u00e9changes avec les collaborateurs. De plus, cela vous permet d&rsquo;acc\u00e9der \u00e0 des client\u00e8les vari\u00e9es. Vous devez savoir que cette langue est la plus utilis\u00e9e sur internet. Dans certains cas, il vous faut des certifications ou des dipl\u00f4mes particuliers pour acc\u00e9der \u00e0 une opportunit\u00e9. De toute fa\u00e7on, il est pr\u00e9f\u00e9rable de se tourner vers un centre de formation de renom pour \u00e9viter les mauvaises surprises.<\/p>\n<\/div>\n\t\t<\/div><\/div><\/div><\/div><div id=\"pg-176-2\"  class=\"panel-grid panel-has-style\" ><div class=\"siteorigin-panels-stretch panel-row-style panel-row-style-for-176-2\" data-stretch-type=\"full\" ><div id=\"pgc-176-2-0\"  class=\"panel-grid-cell\" ><div id=\"panel-176-2-0-0\" class=\"so-panel widget widget_siteorigin-panels-builder panel-first-child panel-last-child\" data-index=\"6\" ><div id=\"pl-w618a79847c62c\"  class=\"panel-layout\" ><div id=\"pg-w618a79847c62c-0\"  class=\"panel-grid panel-has-style\" ><div class=\"panel-row-style panel-row-style-for-w618a79847c62c-0\" ><div id=\"pgc-w618a79847c62c-0-0\"  class=\"panel-grid-cell panel-grid-cell-mobile-last\" ><div id=\"panel-w618a79847c62c-0-0-0\" class=\"so-panel widget widget_sow-headline panel-first-child panel-last-child\" data-index=\"0\" ><div class=\"title-subtitle panel-widget-style panel-widget-style-for-w618a79847c62c-0-0-0\" ><div\n\t\t\t\n\t\t\tclass=\"so-widget-sow-headline so-widget-sow-headline-default-e75efe3ce398\"\n\t\t\t\n\t\t><div class=\"sow-headline-container \">\n\t\t\t\t\t\t\t<p class=\"sow-sub-headline\">\n\t\t\t\t\t\t<span class=\"subtitle\">formation en langues<\/span>\t\t\t\t\t\t<\/p>\n\t\t\t\t\t\t\t\t\t\t\t\t<h2 class=\"sow-headline\">\n\t\t\t\t\t\tUn outil de motivation pour ses \u00e9quipes\t\t\t\t\t\t<\/h2>\n\t\t\t\t\t\t<\/div>\n<\/div><\/div><\/div><\/div><div id=\"pgc-w618a79847c62c-0-1\"  class=\"panel-grid-cell panel-grid-cell-empty\" ><\/div><\/div><\/div><div id=\"pg-w618a79847c62c-1\"  class=\"panel-grid panel-no-style\" ><div id=\"pgc-w618a79847c62c-1-0\"  class=\"panel-grid-cell\" ><div class=\"block-hover panel-cell-style panel-cell-style-for-w618a79847c62c-1-0\" ><div id=\"panel-w618a79847c62c-1-0-0\" class=\"so-panel widget widget_sow-image panel-first-child\" data-index=\"1\" ><div class=\"icon panel-widget-style panel-widget-style-for-w618a79847c62c-1-0-0\" ><div\n\t\t\t\n\t\t\tclass=\"so-widget-sow-image so-widget-sow-image-default-8b5b6f678277\"\n\t\t\t\n\t\t>\n<div class=\"sow-image-container\">\n\t\t<img \n\tsrc=\"https:\/\/www.success-business.net\/wp-content\/uploads\/2021\/11\/testTOEIC.png\" width=\"53\" height=\"56\" sizes=\"(max-width: 53px) 100vw, 53px\" alt=\"\" \t\tclass=\"so-widget-image\"\/>\n\t<\/div>\n\n<\/div><\/div><\/div><div id=\"panel-w618a79847c62c-1-0-1\" class=\"so-panel widget widget_sow-headline\" data-index=\"2\" ><div class=\"remove-margin-bottom panel-widget-style panel-widget-style-for-w618a79847c62c-1-0-1\" ><div\n\t\t\t\n\t\t\tclass=\"so-widget-sow-headline so-widget-sow-headline-default-d8261f538a57\"\n\t\t\t\n\t\t><div class=\"sow-headline-container \">\n\t\t\t\t\t\t\t<h3 class=\"sow-headline\">\n\t\t\t\t\t\tTest TOEIC\t\t\t\t\t\t<\/h3>\n\t\t\t\t\t\t<\/div>\n<\/div><\/div><\/div><div id=\"panel-w618a79847c62c-1-0-2\" class=\"so-panel widget widget_text panel-last-child\" data-index=\"3\" >\t\t\t<div class=\"textwidget\"><p>Le TOEIC est surtout connu en tant que certification pour \u00e9valuer son niveau d&rsquo;anglais \u00e0 l&rsquo;\u00e9crit et \u00e0 l&rsquo;oral. <\/p>\n<\/div>\n\t\t<\/div><\/div><\/div><div id=\"pgc-w618a79847c62c-1-1\"  class=\"panel-grid-cell\" ><div class=\"block-hover panel-cell-style panel-cell-style-for-w618a79847c62c-1-1\" ><div id=\"panel-w618a79847c62c-1-1-0\" class=\"so-panel widget widget_sow-image panel-first-child\" data-index=\"4\" ><div class=\"icon panel-widget-style panel-widget-style-for-w618a79847c62c-1-1-0\" ><div\n\t\t\t\n\t\t\tclass=\"so-widget-sow-image so-widget-sow-image-default-8b5b6f678277\"\n\t\t\t\n\t\t>\n<div class=\"sow-image-container\">\n\t\t<img \n\tsrc=\"https:\/\/www.success-business.net\/wp-content\/uploads\/2021\/11\/IELTS.png\" width=\"53\" height=\"56\" sizes=\"(max-width: 53px) 100vw, 53px\" alt=\"\" \t\tclass=\"so-widget-image\"\/>\n\t<\/div>\n\n<\/div><\/div><\/div><div id=\"panel-w618a79847c62c-1-1-1\" class=\"so-panel widget widget_sow-headline\" data-index=\"5\" ><div class=\"remove-margin-bottom panel-widget-style panel-widget-style-for-w618a79847c62c-1-1-1\" ><div\n\t\t\t\n\t\t\tclass=\"so-widget-sow-headline so-widget-sow-headline-default-d8261f538a57\"\n\t\t\t\n\t\t><div class=\"sow-headline-container \">\n\t\t\t\t\t\t\t<h3 class=\"sow-headline\">\n\t\t\t\t\t\tTest IELTS\t\t\t\t\t\t<\/h3>\n\t\t\t\t\t\t<\/div>\n<\/div><\/div><\/div><div id=\"panel-w618a79847c62c-1-1-2\" class=\"so-panel widget widget_text panel-last-child\" data-index=\"6\" >\t\t\t<div class=\"textwidget\"><p>Pour attester de votre niveau en anglais, vous pouvez opter pour l&rsquo;IELTS. Ce test est administr\u00e9 sur papier. <\/p>\n<\/div>\n\t\t<\/div><\/div><\/div><div id=\"pgc-w618a79847c62c-1-2\"  class=\"panel-grid-cell\" ><div class=\"block-hover panel-cell-style panel-cell-style-for-w618a79847c62c-1-2\" ><div id=\"panel-w618a79847c62c-1-2-0\" class=\"so-panel widget widget_sow-image panel-first-child\" data-index=\"7\" ><div class=\"icon panel-widget-style panel-widget-style-for-w618a79847c62c-1-2-0\" ><div\n\t\t\t\n\t\t\tclass=\"so-widget-sow-image so-widget-sow-image-default-8b5b6f678277\"\n\t\t\t\n\t\t>\n<div class=\"sow-image-container\">\n\t\t<img \n\tsrc=\"https:\/\/www.success-business.net\/wp-content\/uploads\/2021\/11\/DELF.png\" width=\"53\" height=\"56\" sizes=\"(max-width: 53px) 100vw, 53px\" alt=\"\" \t\tclass=\"so-widget-image\"\/>\n\t<\/div>\n\n<\/div><\/div><\/div><div id=\"panel-w618a79847c62c-1-2-1\" class=\"so-panel widget widget_sow-headline\" data-index=\"8\" ><div class=\"remove-margin-bottom panel-widget-style panel-widget-style-for-w618a79847c62c-1-2-1\" ><div\n\t\t\t\n\t\t\tclass=\"so-widget-sow-headline so-widget-sow-headline-default-d8261f538a57\"\n\t\t\t\n\t\t><div class=\"sow-headline-container \">\n\t\t\t\t\t\t\t<h3 class=\"sow-headline\">\n\t\t\t\t\t\tTest DELF\t\t\t\t\t\t<\/h3>\n\t\t\t\t\t\t<\/div>\n<\/div><\/div><\/div><div id=\"panel-w618a79847c62c-1-2-2\" class=\"so-panel widget widget_text panel-last-child\" data-index=\"9\" >\t\t\t<div class=\"textwidget\"><p>Le DELF certifie votre comp\u00e9tence en fran\u00e7ais. Il est destin\u00e9 \u00e0 toutes les personnes non-natives fran\u00e7aises. <\/p>\n<\/div>\n\t\t<\/div><\/div><\/div><\/div><\/div><\/div><\/div><\/div><\/div><div id=\"pg-176-3\"  class=\"panel-grid panel-has-style\" ><div class=\"siteorigin-panels-stretch panel-row-style panel-row-style-for-176-3\" data-stretch-type=\"full\" ><div id=\"pgc-176-3-0\"  class=\"panel-grid-cell\" ><div id=\"panel-176-3-0-0\" class=\"so-panel widget widget_sow-image panel-first-child panel-last-child\" data-index=\"7\" ><div\n\t\t\t\n\t\t\tclass=\"so-widget-sow-image so-widget-sow-image-default-8b5b6f678277-176\"\n\t\t\t\n\t\t>\n<div class=\"sow-image-container\">\n\t\t<img \n\tsrc=\"https:\/\/www.success-business.net\/wp-content\/uploads\/2021\/11\/Les-soft-skills.webp\" width=\"570\" height=\"570\" srcset=\"https:\/\/www.success-business.net\/wp-content\/uploads\/2021\/11\/Les-soft-skills.webp 570w, https:\/\/www.success-business.net\/wp-content\/uploads\/2021\/11\/Les-soft-skills-300x300.webp 300w, https:\/\/www.success-business.net\/wp-content\/uploads\/2021\/11\/Les-soft-skills-150x150.webp 150w\" sizes=\"(max-width: 570px) 100vw, 570px\" title=\"Les soft skills\" alt=\"Les soft skills\" \t\tclass=\"so-widget-image\"\/>\n\t<\/div>\n\n<\/div><\/div><\/div><div id=\"pgc-176-3-1\"  class=\"panel-grid-cell\" ><div id=\"panel-176-3-1-0\" class=\"so-panel widget widget_sow-headline panel-first-child\" data-index=\"8\" ><div class=\"title-subtitle panel-widget-style panel-widget-style-for-176-3-1-0\" ><div\n\t\t\t\n\t\t\tclass=\"so-widget-sow-headline so-widget-sow-headline-default-78dae0c774cb-176\"\n\t\t\t\n\t\t><div class=\"sow-headline-container \">\n\t\t\t\t\t\t\t<p class=\"sow-sub-headline\">\n\t\t\t\t\t\t<span class=\"subtitle\">Soft skills<\/span>\t\t\t\t\t\t<\/p>\n\t\t\t\t\t\t\t\t\t\t\t\t<h2 class=\"sow-headline\">\n\t\t\t\t\t\tLes soft skills les plus recherch\u00e9s par les recruteurs\t\t\t\t\t\t<\/h2>\n\t\t\t\t\t\t<\/div>\n<\/div><\/div><\/div><div id=\"panel-176-3-1-1\" class=\"so-panel widget widget_text panel-last-child\" data-index=\"9\" ><div class=\"panel-widget-style panel-widget-style-for-176-3-1-1\" >\t\t\t<div class=\"textwidget\"><p>Pour la cr\u00e9ation d&rsquo;entreprise innovante, il faut avoir des soft skills. Il s&rsquo;agit d&rsquo;une comp\u00e9tence de base ou comp\u00e9tence commune qui peut contribuer au d\u00e9veloppement des affaires.<\/p>\n<p>Lors des entretiens individuels, les recruteurs ont tendance \u00e0 \u00e9valuer les soft skills des candidats. Vous devez savoir que certaines comp\u00e9tences de base sont tr\u00e8s recherch\u00e9es par les entreprises. En effet, les recruteurs consid\u00e8rent la cr\u00e9ativit\u00e9, la persuasion, la collaboration, l&rsquo;adaptabilit\u00e9 des candidats. Cependant, il ne faut pas n\u00e9gliger l&rsquo;intelligence \u00e9motionnelle, la pens\u00e9e critique, le sens de n\u00e9gociation et la souplesse cognitive.<\/p>\n<\/div>\n\t\t<\/div><\/div><\/div><\/div><\/div><div id=\"pg-176-4\"  class=\"panel-grid panel-has-style\" ><div class=\"siteorigin-panels-stretch panel-row-style panel-row-style-for-176-4\" data-stretch-type=\"full\" ><div id=\"pgc-176-4-0\"  class=\"panel-grid-cell\" ><div id=\"panel-176-4-0-0\" class=\"so-panel widget widget_siteorigin-panels-builder panel-first-child panel-last-child\" data-index=\"10\" ><div id=\"pl-w618a79163620a\"  class=\"panel-layout\" ><div id=\"pg-w618a79163620a-0\"  class=\"panel-grid panel-has-style\" ><div class=\"panel-row-style panel-row-style-for-w618a79163620a-0\" ><div id=\"pgc-w618a79163620a-0-0\"  class=\"panel-grid-cell panel-grid-cell-mobile-last\" ><div id=\"panel-w618a79163620a-0-0-0\" class=\"so-panel widget widget_sow-headline panel-first-child panel-last-child\" data-index=\"0\" ><div class=\"title-subtitle panel-widget-style panel-widget-style-for-w618a79163620a-0-0-0\" ><div\n\t\t\t\n\t\t\tclass=\"so-widget-sow-headline so-widget-sow-headline-default-e75efe3ce398\"\n\t\t\t\n\t\t><div class=\"sow-headline-container \">\n\t\t\t\t\t\t\t<p class=\"sow-sub-headline\">\n\t\t\t\t\t\t<span class=\"subtitle\">Conseils business<\/span>\t\t\t\t\t\t<\/p>\n\t\t\t\t\t\t\t\t\t\t\t\t<h2 class=\"sow-headline\">\n\t\t\t\t\t\tLes cl\u00e9s de la r\u00e9ussite de tout business\t\t\t\t\t\t<\/h2>\n\t\t\t\t\t\t<\/div>\n<\/div><\/div><\/div><\/div><div id=\"pgc-w618a79163620a-0-1\"  class=\"panel-grid-cell panel-grid-cell-empty\" ><\/div><\/div><\/div><div id=\"pg-w618a79163620a-1\"  class=\"panel-grid panel-no-style\" ><div id=\"pgc-w618a79163620a-1-0\"  class=\"panel-grid-cell\" ><div id=\"panel-w618a79163620a-1-0-0\" class=\"so-panel widget widget_sow-headline panel-first-child\" data-index=\"1\" ><div class=\"remove-margin-bottom panel-widget-style panel-widget-style-for-w618a79163620a-1-0-0\" ><div\n\t\t\t\n\t\t\tclass=\"so-widget-sow-headline so-widget-sow-headline-default-de2cee688c5c\"\n\t\t\t\n\t\t><div class=\"sow-headline-container \">\n\t\t\t\t\t\t\t<h3 class=\"sow-headline\">\n\t\t\t\t\t\tBusiness marketing\t\t\t\t\t\t<\/h3>\n\t\t\t\t\t\t<\/div>\n<\/div><\/div><\/div><div id=\"panel-w618a79163620a-1-0-1\" class=\"so-panel widget widget_text\" data-index=\"2\" >\t\t\t<div class=\"textwidget\"><p>Votre business model d\u00e9pend de vos objectifs. Vous pouvez opter pour le mod\u00e8le de la distribution, de d\u00e9sinterm\u00e9diation, de commissionnement, &#8230;<\/p>\n<\/div>\n\t\t<\/div><div id=\"panel-w618a79163620a-1-0-2\" class=\"so-panel widget widget_sow-image panel-last-child\" data-index=\"3\" ><div\n\t\t\t\n\t\t\tclass=\"so-widget-sow-image so-widget-sow-image-default-8b5b6f678277\"\n\t\t\t\n\t\t>\n<div class=\"sow-image-container\">\n\t\t<img \n\tsrc=\"https:\/\/www.success-business.net\/wp-content\/uploads\/2021\/11\/Business-marketing-1.webp\" width=\"370\" height=\"445\" srcset=\"https:\/\/www.success-business.net\/wp-content\/uploads\/2021\/11\/Business-marketing-1.webp 370w, https:\/\/www.success-business.net\/wp-content\/uploads\/2021\/11\/Business-marketing-1-249x300.webp 249w\" sizes=\"(max-width: 370px) 100vw, 370px\" title=\"Business marketing\" alt=\"Business marketing\" \t\tclass=\"so-widget-image\"\/>\n\t<\/div>\n\n<\/div><\/div><\/div><div id=\"pgc-w618a79163620a-1-1\"  class=\"panel-grid-cell\" ><div id=\"panel-w618a79163620a-1-1-0\" class=\"so-panel widget widget_sow-image panel-first-child\" data-index=\"4\" ><div\n\t\t\t\n\t\t\tclass=\"so-widget-sow-image so-widget-sow-image-default-8b5b6f678277\"\n\t\t\t\n\t\t>\n<div class=\"sow-image-container\">\n\t\t<img \n\tsrc=\"https:\/\/www.success-business.net\/wp-content\/uploads\/2021\/11\/Business-plan-1.webp\" width=\"370\" height=\"445\" srcset=\"https:\/\/www.success-business.net\/wp-content\/uploads\/2021\/11\/Business-plan-1.webp 370w, https:\/\/www.success-business.net\/wp-content\/uploads\/2021\/11\/Business-plan-1-249x300.webp 249w\" sizes=\"(max-width: 370px) 100vw, 370px\" title=\"Business plan\" alt=\"Business plan\" \t\tclass=\"so-widget-image\"\/>\n\t<\/div>\n\n<\/div><\/div><div id=\"panel-w618a79163620a-1-1-1\" class=\"so-panel widget widget_sow-headline\" data-index=\"5\" ><div class=\"panel-widget-style panel-widget-style-for-w618a79163620a-1-1-1\" ><div\n\t\t\t\n\t\t\tclass=\"so-widget-sow-headline so-widget-sow-headline-default-de2cee688c5c\"\n\t\t\t\n\t\t><div class=\"sow-headline-container \">\n\t\t\t\t\t\t\t<h3 class=\"sow-headline\">\n\t\t\t\t\t\tBusiness plan\t\t\t\t\t\t<\/h3>\n\t\t\t\t\t\t<\/div>\n<\/div><\/div><\/div><div id=\"panel-w618a79163620a-1-1-2\" class=\"so-panel widget widget_text panel-last-child\" data-index=\"6\" >\t\t\t<div class=\"textwidget\"><p>Le business plan est un document qui contient vos objectifs, vos m\u00e9thodes, &#8230; La r\u00e9daction de business plan peut \u00eatre r\u00e9alis\u00e9e par un professionnel.<\/p>\n<\/div>\n\t\t<\/div><\/div><div id=\"pgc-w618a79163620a-1-2\"  class=\"panel-grid-cell\" ><div id=\"panel-w618a79163620a-1-2-0\" class=\"so-panel widget widget_sow-headline panel-first-child\" data-index=\"7\" ><div class=\"remove-margin-bottom panel-widget-style panel-widget-style-for-w618a79163620a-1-2-0\" ><div\n\t\t\t\n\t\t\tclass=\"so-widget-sow-headline so-widget-sow-headline-default-de2cee688c5c\"\n\t\t\t\n\t\t><div class=\"sow-headline-container \">\n\t\t\t\t\t\t\t<h3 class=\"sow-headline\">\n\t\t\t\t\t\tBusiness en ligne\t\t\t\t\t\t<\/h3>\n\t\t\t\t\t\t<\/div>\n<\/div><\/div><\/div><div id=\"panel-w618a79163620a-1-2-1\" class=\"so-panel widget widget_text\" data-index=\"8\" >\t\t\t<div class=\"textwidget\"><p>Pour un business innovant, il faut avoir un site e-commerce. Il vaut mieux faire appel \u00e0 un expert pour r\u00e9aliser toutes les d\u00e9marches n\u00e9cessaires.<\/p>\n<\/div>\n\t\t<\/div><div id=\"panel-w618a79163620a-1-2-2\" class=\"so-panel widget widget_sow-image panel-last-child\" data-index=\"9\" ><div\n\t\t\t\n\t\t\tclass=\"so-widget-sow-image so-widget-sow-image-default-8b5b6f678277\"\n\t\t\t\n\t\t>\n<div class=\"sow-image-container\">\n\t\t<img \n\tsrc=\"https:\/\/www.success-business.net\/wp-content\/uploads\/2021\/11\/business-en-ligne.webp\" width=\"370\" height=\"445\" srcset=\"https:\/\/www.success-business.net\/wp-content\/uploads\/2021\/11\/business-en-ligne.webp 370w, https:\/\/www.success-business.net\/wp-content\/uploads\/2021\/11\/business-en-ligne-249x300.webp 249w\" sizes=\"(max-width: 370px) 100vw, 370px\" title=\"business en ligne\" alt=\"\" \t\tclass=\"so-widget-image\"\/>\n\t<\/div>\n\n<\/div><\/div><\/div><\/div><\/div><\/div><\/div><\/div><\/div><div id=\"pg-176-5\"  class=\"panel-grid panel-has-style\" ><div class=\"siteorigin-panels-stretch panel-row-style panel-row-style-for-176-5\" data-stretch-type=\"full\" ><div id=\"pgc-176-5-0\"  class=\"panel-grid-cell\" ><div id=\"panel-176-5-0-0\" class=\"so-panel widget widget_sow-headline panel-first-child\" data-index=\"11\" ><div class=\"panel-widget-style panel-widget-style-for-176-5-0-0\" ><div\n\t\t\t\n\t\t\tclass=\"so-widget-sow-headline so-widget-sow-headline-default-3225804bd10b-176\"\n\t\t\t\n\t\t><div class=\"sow-headline-container \">\n\t\t\t\t\t\t\t<h2 class=\"sow-headline\">\n\t\t\t\t\t\tLe digital, l\u2019alli\u00e9 indispensable pour les entreprises\t\t\t\t\t\t<\/h2>\n\t\t\t\t\t\t<\/div>\n<\/div><\/div><\/div><div id=\"panel-176-5-0-1\" class=\"so-panel widget widget_sow-image panel-last-child\" data-index=\"12\" ><div class=\"panel-widget-style panel-widget-style-for-176-5-0-1\" ><div\n\t\t\t\n\t\t\tclass=\"so-widget-sow-image so-widget-sow-image-default-8b5b6f678277-176\"\n\t\t\t\n\t\t>\n<div class=\"sow-image-container\">\n\t\t<img \n\tsrc=\"https:\/\/www.success-business.net\/wp-content\/uploads\/2021\/10\/bg8-home11.png\" width=\"189\" height=\"470\" srcset=\"https:\/\/www.success-business.net\/wp-content\/uploads\/2021\/10\/bg8-home11.png 189w, https:\/\/www.success-business.net\/wp-content\/uploads\/2021\/10\/bg8-home11-121x300.png 121w\" sizes=\"(max-width: 189px) 100vw, 189px\" alt=\"\" \t\tclass=\"so-widget-image\"\/>\n\t<\/div>\n\n<\/div><\/div><\/div><\/div><\/div><\/div><div id=\"pg-176-6\"  class=\"panel-grid panel-has-style\" ><div class=\"siteorigin-panels-stretch panel-row-style panel-row-style-for-176-6\" data-stretch-type=\"full\" ><div id=\"pgc-176-6-0\"  class=\"panel-grid-cell\" ><div id=\"panel-176-6-0-0\" class=\"so-panel widget widget_sow-headline panel-first-child\" data-index=\"13\" ><div class=\"title-subtitle panel-widget-style panel-widget-style-for-176-6-0-0\" ><div\n\t\t\t\n\t\t\tclass=\"so-widget-sow-headline so-widget-sow-headline-default-30c5f3546f31-176\"\n\t\t\t\n\t\t><div class=\"sow-headline-container \">\n\t\t\t\t\t\t\t<p class=\"sow-sub-headline\">\n\t\t\t\t\t\t<span class=\"subtitle\">Management d'entreprise<\/span>\t\t\t\t\t\t<\/p>\n\t\t\t\t\t\t\t\t\t\t\t\t<h2 class=\"sow-headline\">\n\t\t\t\t\t\tValoriser les comp\u00e9tences de ses collaborateurs\t\t\t\t\t\t<\/h2>\n\t\t\t\t\t\t<\/div>\n<\/div><\/div><\/div><div id=\"panel-176-6-0-1\" class=\"so-panel widget widget_text panel-last-child\" data-index=\"14\" ><div class=\"panel-widget-style panel-widget-style-for-176-6-0-1\" >\t\t\t<div class=\"textwidget\"><p style=\"text-align: center;\">Si vous souhaitez valoriser la comp\u00e9tence de vos collaborateurs, vous devez prendre en consid\u00e9ration plusieurs points. En effet, il faut tenir compte des aspects techniques, des aspects marketing, des aspects humains, des aspects juridiques et des aspects financiers. Vous devez savoir que cette initiative garantit le d\u00e9veloppement de l\u2019entreprise. Cela vous permet de mettre en place un plan d\u2019affaire efficace. Par ailleurs, cette \u00e9tape doit \u00eatre accompagn\u00e9e d&rsquo;une \u00e9tude de march\u00e9. Il faut mener une \u00e9tude qualitative, une \u00e9tude quantitative et une \u00e9tude documentaire pour \u00e9viter les d\u00e9sagr\u00e9ments. Ces diff\u00e9rents types d\u2019\u00e9tudes de march\u00e9 vous permettent de vous d\u00e9marquer par rapport \u00e0 vos concurrents. Il ne vous reste plus qu&rsquo;\u00e0 utiliser les comp\u00e9tences particuli\u00e8res de vos collaborateurs au service de l&rsquo;entreprise.<\/p>\n<\/div>\n\t\t<\/div><\/div><\/div><\/div><\/div><\/div>","protected":false},"excerpt":{"rendered":"<p>Pour bien d\u00e9marrer son business, il faut prendre en consid\u00e9ration plusieurs points. En effet, il faut s&rsquo;informer sur les tendances entrepreneuriales adapt\u00e9es et efficaces avant de lancer son entreprise. N&rsquo;h\u00e9sitez pas \u00e0 faire appel \u00e0 un professionnel. Si vous souhaitez&#8230;<\/p>\n","protected":false},"author":1,"featured_media":0,"parent":0,"menu_order":0,"comment_status":"closed","ping_status":"closed","template":"","meta":{"footnotes":""},"class_list":["post-176","page","type-page","status-publish","hentry"],"_links":{"self":[{"href":"https:\/\/www.success-business.net\/fr\/wp-json\/wp\/v2\/pages\/176","targetHints":{"allow":["GET"]}}],"collection":[{"href":"https:\/\/www.success-business.net\/fr\/wp-json\/wp\/v2\/pages"}],"about":[{"href":"https:\/\/www.success-business.net\/fr\/wp-json\/wp\/v2\/types\/page"}],"author":[{"embeddable":true,"href":"https:\/\/www.success-business.net\/fr\/wp-json\/wp\/v2\/users\/1"}],"replies":[{"embeddable":true,"href":"https:\/\/www.success-business.net\/fr\/wp-json\/wp\/v2\/comments?post=176"}],"version-history":[{"count":22,"href":"https:\/\/www.success-business.net\/fr\/wp-json\/wp\/v2\/pages\/176\/revisions"}],"predecessor-version":[{"id":322,"href":"https:\/\/www.success-business.net\/fr\/wp-json\/wp\/v2\/pages\/176\/revisions\/322"}],"wp:attachment":[{"href":"https:\/\/www.success-business.net\/fr\/wp-json\/wp\/v2\/media?parent=176"}],"curies":[{"name":"wp","href":"https:\/\/api.w.org\/{rel}","templated":true}]}}